{"id":11568,"date":"2023-11-16T19:41:18","date_gmt":"2023-11-16T18:41:18","guid":{"rendered":"https:\/\/www.nmsweitersfeld.ac.at\/wp\/?page_id=11568"},"modified":"2023-11-16T19:49:47","modified_gmt":"2023-11-16T18:49:47","slug":"music4you","status":"publish","type":"page","link":"https:\/\/www.nmsweitersfeld.ac.at\/wp\/music4you\/","title":{"rendered":"Music4you"},"content":{"rendered":"\n<h2 class=\"wp-block-heading\">Music4you<\/h2>\n\n\n\n<p>In Kooperation mit der Musikschule Retzer Land werden seit dem Schuljahr 2016\/17 im Rahmen des Projekts \u201emusic4you\u201c die musikalischen St\u00e4rken der Kinder gef\u00f6rdert sowie die musikalische Bildung der Jugendlichen erweitert und vertieft. Die individuelle Entfaltung jedes Sch\u00fclers und jeder Sch\u00fclerin steht im Mittelpunkt, wobei das gemeinsame, praktische Muszieren \u2013 vokal, mit neuen Instrumenten, mit dem eigenen K\u00f6rper&nbsp;oder auf den Instrumenten der Sch\u00fclerinnen&nbsp;und Sch\u00fcler im Orchester&nbsp;\u2013 im Vordergrund steht.&nbsp;Die Musikp\u00e4dagoginnen und Musikp\u00e4dagogen der Schule werden im Zuge des Projekts durch Karoline Sch\u00f6binger von der Musikschule Retzer Land unterst\u00fctzt.<\/p>\n\n\n\n<p>Chor und Orchester umrahmen seit Bestehen des Projekts regelm\u00e4\u00dfig schulische und au\u00dferschulische Veranstaltungen und brachte bereits verschiedene Musiktheater zur Auff\u00fchrung. Darunter etwa das St\u00fcck \u201eIn 80 Tagen um die Welt\u201c, f\u00fcr das die Schule mit dem Aviso-Preis der Universit\u00e4t f\u00fcr Musik &amp; Darstellende Kunst Wien ausgezeichnet wurde.\u00a0<\/p>\n\n\n\n<figure class=\"wp-block-image size-full is-resized\"><img loading=\"lazy\" decoding=\"async\" width=\"697\" height=\"300\" src=\"https:\/\/www.nmsweitersfeld.ac.at\/wp\/wp-content\/uploads\/2023\/11\/musikschulverband_retzerland.jpeg\" alt=\"\" class=\"wp-image-11456\" style=\"width:255px;height:auto\" srcset=\"https:\/\/www.nmsweitersfeld.ac.at\/wp\/wp-content\/uploads\/2023\/11\/musikschulverband_retzerland.jpeg 697w, https:\/\/www.nmsweitersfeld.ac.at\/wp\/wp-content\/uploads\/2023\/11\/musikschulverband_retzerland-400x172.jpeg 400w\" sizes=\"auto, (max-width: 697px) 100vw, 697px\" \/><\/figure>\n\n\n\n<figure class=\"wp-block-gallery has-nested-images columns-default is-cropped wp-block-gallery-1 is-layout-flex wp-block-gallery-is-layout-flex\">\n<figure class=\"wp-block-image size-large\"><img decoding=\"async\" data-id=\"11206\" src=\"https:\/\/www.nmsweitersfeld.ac.at\/wp\/wp-content\/uploads\/2023\/10\/WhatsApp-Image-2023-10-07-at-14.26.50.jpeg\" alt=\"\" class=\"wp-image-11206\"\/><\/figure>\n\n\n\n<figure class=\"wp-block-image size-large\"><img decoding=\"async\" data-id=\"11034\" src=\"https:\/\/www.nmsweitersfeld.ac.at\/wp\/wp-content\/uploads\/2023\/06\/Singende-klingende-Schule.jpeg\" alt=\"\" class=\"wp-image-11034\"\/><\/figure>\n\n\n\n<figure class=\"wp-block-image size-large\"><img decoding=\"async\" data-id=\"10918\" src=\"https:\/\/www.nmsweitersfeld.ac.at\/wp\/wp-content\/uploads\/2023\/04\/Gro\u00df-DSC_0367.jpeg\" alt=\"\" class=\"wp-image-10918\"\/><\/figure>\n\n\n\n<figure class=\"wp-block-image size-large\"><img decoding=\"async\" data-id=\"10914\" src=\"https:\/\/www.nmsweitersfeld.ac.at\/wp\/wp-content\/uploads\/2023\/04\/Gro\u00df-DSC_0218.jpeg\" alt=\"\" class=\"wp-image-10914\"\/><\/figure>\n\n\n\n<figure class=\"wp-block-image size-large\"><img decoding=\"async\" data-id=\"10921\" src=\"https:\/\/www.nmsweitersfeld.ac.at\/wp\/wp-content\/uploads\/2023\/04\/Gro\u00df-DSC_0380.jpeg\" alt=\"\" class=\"wp-image-10921\"\/><\/figure>\n\n\n\n<figure class=\"wp-block-image size-large\"><img decoding=\"async\" data-id=\"10908\" src=\"https:\/\/www.nmsweitersfeld.ac.at\/wp\/wp-content\/uploads\/2023\/04\/Gro\u00df-DSC_0165.jpeg\" alt=\"\" class=\"wp-image-10908\"\/><\/figure>\n\n\n\n<figure class=\"wp-block-image size-large\"><img decoding=\"async\" data-id=\"10901\" src=\"https:\/\/www.nmsweitersfeld.ac.at\/wp\/wp-content\/uploads\/2023\/04\/Regenbogenland_6.jpeg\" alt=\"\" class=\"wp-image-10901\"\/><\/figure>\n<\/figure>\n","protected":false},"excerpt":{"rendered":"<p>Music4you In Kooperation mit der Musikschule Retzer Land werden seit dem Schuljahr 2016\/17 im Rahmen des Projekts \u201emusic4you\u201c die musikalischen St\u00e4rken der Kinder gef\u00f6rdert sowie die musikalische Bildung der Jugendlichen erweitert und vertieft. Die individuelle Entfaltung jedes Sch\u00fclers und jeder Sch\u00fclerin steht im Mittelpunkt, wobei das gemeinsame, praktische Muszieren \u2013 vokal, mit neuen Instrumenten, mit dem eigenen K\u00f6rper&nbsp;oder auf den Instrumenten der Sch\u00fclerinnen&nbsp;und Sch\u00fcler im Orchester&nbsp;\u2013 im Vordergrund steht.&nbsp;Die Musikp\u00e4dagoginnen und Musikp\u00e4dagogen der Schule werden im Zuge des Projekts durch Karoline Sch\u00f6binger von der Musikschule Retzer Land unterst\u00fctzt. Chor und Orchester umrahmen seit Bestehen des Projekts regelm\u00e4\u00dfig schulische und au\u00dferschulische Veranstaltungen und brachte bereits verschiedene Musiktheater zur Auff\u00fchrung. Darunter etwa das St\u00fcck \u201eIn 80 Tagen um die Welt\u201c, f\u00fcr das die Schule mit dem Aviso-Preis der Universit\u00e4t f\u00fcr Musik &amp; Darstellende Kunst Wien ausgezeichnet wurde.\u00a0<\/p>\n","protected":false},"author":28,"featured_media":0,"parent":0,"menu_order":0,"comment_status":"closed","ping_status":"closed","template":"","meta":{"footnotes":""},"class_list":["post-11568","page","type-page","status-publish","hentry"],"_links":{"self":[{"href":"https:\/\/www.nmsweitersfeld.ac.at\/wp\/wp-json\/wp\/v2\/pages\/11568","targetHints":{"allow":["GET"]}}],"collection":[{"href":"https:\/\/www.nmsweitersfeld.ac.at\/wp\/wp-json\/wp\/v2\/pages"}],"about":[{"href":"https:\/\/www.nmsweitersfeld.ac.at\/wp\/wp-json\/wp\/v2\/types\/page"}],"author":[{"embeddable":true,"href":"https:\/\/www.nmsweitersfeld.ac.at\/wp\/wp-json\/wp\/v2\/users\/28"}],"replies":[{"embeddable":true,"href":"https:\/\/www.nmsweitersfeld.ac.at\/wp\/wp-json\/wp\/v2\/comments?post=11568"}],"version-history":[{"count":4,"href":"https:\/\/www.nmsweitersfeld.ac.at\/wp\/wp-json\/wp\/v2\/pages\/11568\/revisions"}],"predecessor-version":[{"id":11578,"href":"https:\/\/www.nmsweitersfeld.ac.at\/wp\/wp-json\/wp\/v2\/pages\/11568\/revisions\/11578"}],"wp:attachment":[{"href":"https:\/\/www.nmsweitersfeld.ac.at\/wp\/wp-json\/wp\/v2\/media?parent=11568"}],"curies":[{"name":"wp","href":"https:\/\/api.w.org\/{rel}","templated":true}]}}